{"id":587,"date":"2019-03-12T11:32:07","date_gmt":"2019-03-12T11:32:07","guid":{"rendered":"https:\/\/foldsolutions.com\/straipsniai\/"},"modified":"2019-08-01T10:25:11","modified_gmt":"2019-08-01T08:25:11","slug":"stati","status":"publish","type":"page","link":"https:\/\/foldsolutions.com\/ru\/stati\/","title":{"rendered":"\u0421\u0442\u0430\u0442\u044c\u0438"},"content":{"rendered":"","protected":false},"excerpt":{"rendered":"","protected":false},"author":1,"featured_media":0,"parent":0,"menu_order":0,"comment_status":"closed","ping_status":"closed","template":"","meta":{"footnotes":""},"class_list":["post-587","page","type-page","status-publish","hentry"],"yoast_head":"<!-- This site is optimized with the Yoast SEO plugin v26.6 - https:\/\/yoast.com\/wordpress\/plugins\/seo\/ -->\n<title>\u0421\u0442\u0430\u0442\u044c\u0438 - Foldsolutions.com<\/title>\n<meta name=\"robots\" content=\"index, follow, max-snippet:-1, max-image-preview:large, max-video-preview:-1\" \/>\n<link rel=\"canonical\" href=\"https:\/\/foldsolutions.com\/ru\/stati\/\" \/>\n<meta property=\"og:locale\" content=\"ru_RU\" \/>\n<meta property=\"og:type\" content=\"article\" \/>\n<meta property=\"og:title\" content=\"\u0421\u0442\u0430\u0442\u044c\u0438 - Foldsolutions.com\" \/>\n<meta property=\"og:url\" content=\"https:\/\/foldsolutions.com\/ru\/stati\/\" \/>\n<meta property=\"og:site_name\" content=\"Foldsolutions.com\" \/>\n<meta property=\"article:publisher\" content=\"https:\/\/www.facebook.com\/foldsolutions\/\" \/>\n<meta property=\"article:modified_time\" content=\"2019-08-01T08:25:11+00:00\" \/>\n<meta name=\"twitter:card\" content=\"summary_large_image\" \/>\n<script type=\"application\/ld+json\" class=\"yoast-schema-graph\">{\"@context\":\"https:\/\/schema.org\",\"@graph\":[{\"@type\":\"WebPage\",\"@id\":\"https:\/\/foldsolutions.com\/ru\/stati\/\",\"url\":\"https:\/\/foldsolutions.com\/ru\/stati\/\",\"name\":\"\u0421\u0442\u0430\u0442\u044c\u0438 - Foldsolutions.com\",\"isPartOf\":{\"@id\":\"https:\/\/foldsolutions.com\/#website\"},\"datePublished\":\"2019-03-12T11:32:07+00:00\",\"dateModified\":\"2019-08-01T08:25:11+00:00\",\"breadcrumb\":{\"@id\":\"https:\/\/foldsolutions.com\/ru\/stati\/#breadcrumb\"},\"inLanguage\":\"ru-RU\",\"potentialAction\":[{\"@type\":\"ReadAction\",\"target\":[\"https:\/\/foldsolutions.com\/ru\/stati\/\"]}]},{\"@type\":\"BreadcrumbList\",\"@id\":\"https:\/\/foldsolutions.com\/ru\/stati\/#breadcrumb\",\"itemListElement\":[{\"@type\":\"ListItem\",\"position\":1,\"name\":\"Prad\u017eia\",\"item\":\"https:\/\/foldsolutions.com\/ru\/\"},{\"@type\":\"ListItem\",\"position\":2,\"name\":\"\u0421\u0442\u0430\u0442\u044c\u0438\"}]},{\"@type\":\"WebSite\",\"@id\":\"https:\/\/foldsolutions.com\/#website\",\"url\":\"https:\/\/foldsolutions.com\/\",\"name\":\"Foldsolutions.com\",\"description\":\"Patyrusi\u0173 in\u017einieri\u0173 komanda!\",\"publisher\":{\"@id\":\"https:\/\/foldsolutions.com\/#organization\"},\"potentialAction\":[{\"@type\":\"SearchAction\",\"target\":{\"@type\":\"EntryPoint\",\"urlTemplate\":\"https:\/\/foldsolutions.com\/?s={search_term_string}\"},\"query-input\":{\"@type\":\"PropertyValueSpecification\",\"valueRequired\":true,\"valueName\":\"search_term_string\"}}],\"inLanguage\":\"ru-RU\"},{\"@type\":\"Organization\",\"@id\":\"https:\/\/foldsolutions.com\/#organization\",\"name\":\"Foldsolutions\",\"url\":\"https:\/\/foldsolutions.com\/\",\"logo\":{\"@type\":\"ImageObject\",\"inLanguage\":\"ru-RU\",\"@id\":\"https:\/\/foldsolutions.com\/#\/schema\/logo\/image\/\",\"url\":\"https:\/\/foldsolutions.com\/wp-content\/uploads\/2021\/11\/foldsolutions_png_transparent.png\",\"contentUrl\":\"https:\/\/foldsolutions.com\/wp-content\/uploads\/2021\/11\/foldsolutions_png_transparent.png\",\"width\":800,\"height\":154,\"caption\":\"Foldsolutions\"},\"image\":{\"@id\":\"https:\/\/foldsolutions.com\/#\/schema\/logo\/image\/\"},\"sameAs\":[\"https:\/\/www.facebook.com\/foldsolutions\/\"]}]}<\/script>\n<!-- \/ Yoast SEO plugin. -->","yoast_head_json":{"title":"\u0421\u0442\u0430\u0442\u044c\u0438 - Foldsolutions.com","robots":{"index":"index","follow":"follow","max-snippet":"max-snippet:-1","max-image-preview":"max-image-preview:large","max-video-preview":"max-video-preview:-1"},"canonical":"https:\/\/foldsolutions.com\/ru\/stati\/","og_locale":"ru_RU","og_type":"article","og_title":"\u0421\u0442\u0430\u0442\u044c\u0438 - Foldsolutions.com","og_url":"https:\/\/foldsolutions.com\/ru\/stati\/","og_site_name":"Foldsolutions.com","article_publisher":"https:\/\/www.facebook.com\/foldsolutions\/","article_modified_time":"2019-08-01T08:25:11+00:00","twitter_card":"summary_large_image","schema":{"@context":"https:\/\/schema.org","@graph":[{"@type":"WebPage","@id":"https:\/\/foldsolutions.com\/ru\/stati\/","url":"https:\/\/foldsolutions.com\/ru\/stati\/","name":"\u0421\u0442\u0430\u0442\u044c\u0438 - Foldsolutions.com","isPartOf":{"@id":"https:\/\/foldsolutions.com\/#website"},"datePublished":"2019-03-12T11:32:07+00:00","dateModified":"2019-08-01T08:25:11+00:00","breadcrumb":{"@id":"https:\/\/foldsolutions.com\/ru\/stati\/#breadcrumb"},"inLanguage":"ru-RU","potentialAction":[{"@type":"ReadAction","target":["https:\/\/foldsolutions.com\/ru\/stati\/"]}]},{"@type":"BreadcrumbList","@id":"https:\/\/foldsolutions.com\/ru\/stati\/#breadcrumb","itemListElement":[{"@type":"ListItem","position":1,"name":"Prad\u017eia","item":"https:\/\/foldsolutions.com\/ru\/"},{"@type":"ListItem","position":2,"name":"\u0421\u0442\u0430\u0442\u044c\u0438"}]},{"@type":"WebSite","@id":"https:\/\/foldsolutions.com\/#website","url":"https:\/\/foldsolutions.com\/","name":"Foldsolutions.com","description":"Patyrusi\u0173 in\u017einieri\u0173 komanda!","publisher":{"@id":"https:\/\/foldsolutions.com\/#organization"},"potentialAction":[{"@type":"SearchAction","target":{"@type":"EntryPoint","urlTemplate":"https:\/\/foldsolutions.com\/?s={search_term_string}"},"query-input":{"@type":"PropertyValueSpecification","valueRequired":true,"valueName":"search_term_string"}}],"inLanguage":"ru-RU"},{"@type":"Organization","@id":"https:\/\/foldsolutions.com\/#organization","name":"Foldsolutions","url":"https:\/\/foldsolutions.com\/","logo":{"@type":"ImageObject","inLanguage":"ru-RU","@id":"https:\/\/foldsolutions.com\/#\/schema\/logo\/image\/","url":"https:\/\/foldsolutions.com\/wp-content\/uploads\/2021\/11\/foldsolutions_png_transparent.png","contentUrl":"https:\/\/foldsolutions.com\/wp-content\/uploads\/2021\/11\/foldsolutions_png_transparent.png","width":800,"height":154,"caption":"Foldsolutions"},"image":{"@id":"https:\/\/foldsolutions.com\/#\/schema\/logo\/image\/"},"sameAs":["https:\/\/www.facebook.com\/foldsolutions\/"]}]}},"_links":{"self":[{"href":"https:\/\/foldsolutions.com\/ru\/wp-json\/wp\/v2\/pages\/587","targetHints":{"allow":["GET"]}}],"collection":[{"href":"https:\/\/foldsolutions.com\/ru\/wp-json\/wp\/v2\/pages"}],"about":[{"href":"https:\/\/foldsolutions.com\/ru\/wp-json\/wp\/v2\/types\/page"}],"author":[{"embeddable":true,"href":"https:\/\/foldsolutions.com\/ru\/wp-json\/wp\/v2\/users\/1"}],"replies":[{"embeddable":true,"href":"https:\/\/foldsolutions.com\/ru\/wp-json\/wp\/v2\/comments?post=587"}],"version-history":[{"count":0,"href":"https:\/\/foldsolutions.com\/ru\/wp-json\/wp\/v2\/pages\/587\/revisions"}],"wp:attachment":[{"href":"https:\/\/foldsolutions.com\/ru\/wp-json\/wp\/v2\/media?parent=587"}],"curies":[{"name":"wp","href":"https:\/\/api.w.org\/{rel}","templated":true}]}}