{"id":589,"date":"2019-03-12T11:31:59","date_gmt":"2019-03-12T11:31:59","guid":{"rendered":"https:\/\/foldsolutions.com\/video\/"},"modified":"2019-05-29T18:59:24","modified_gmt":"2019-05-29T16:59:24","slug":"video","status":"publish","type":"page","link":"https:\/\/foldsolutions.com\/ru\/video\/","title":{"rendered":"\u0412\u0438\u0434\u0435\u043e"},"content":{"rendered":"<div id=\"integration-video-gallery\" class=\"emd-container emd-integration-wrap\">\n\t\t\t\t<div id='video_items_1_emd_video-cont' class='emd-container '>\n\t\t\t\t\t\t\t\t<div id='video_items_1_emd_video-view' class='emd-view-results'>\n\t\t\t\t\t\t\t\t<input type='hidden' id='emd_entity' name='emd_entity' value='emd_video'>\n\t\t\t\t<input type='hidden' id='emd_view' name='emd_view' value='video_items'>\n\t\t\t\t<input type='hidden' id='emd_view_count' name='emd_view_count' value='1'>\t\n\t\t\t\t<input type='hidden' id='emd_app' name='emd_app' value='youtube_showcase'>\n\t\t\t\t<div data-interval=\"false\" id=\"emdvideos\" class=\"carousel slide article-slide\">\n    <div class=\"carousel-inner cont-slider\"><div id=\"emd-videos\" class=\"item active\">\n\t<div class=\"emd-embed-responsive\">\n\t<iframe src=\"https:\/\/www.youtube.com\/embed\/SqJyx5qIsEk?html5=1\" frameborder=\"0\" allowfullscreen><\/iframe>\n\t<\/div>\t\n<div class=\"panel panel-default\">\n  <div class=\"video-summary\">\n<p><a title=\"Dobot M1-All-in-one Robotic Arm\" href=\"https:\/\/foldsolutions.com\/ru\/videos\/dobot-m1-all-in-one-robotic-arm\/\">Dobot M1-All-in-one Robotic Arm<\/a><\/p>\n <div class=\"video-excerpt\"> <\/div>\n  <\/div>\n      <!-- Controls -->\n      <div class=\"controls visible-xs-block\">\n      <a data-slide=\"prev\" role=\"button\" href=\"#emdvideos\" class=\"left carousel-control\">\n        <span class=\"icon-prev\"><\/span>\n        <span class=\"sr-only\">Previous<\/span>\n      <\/a>\n      <a data-slide=\"next\" role=\"button\" href=\"#emdvideos\" class=\"right carousel-control\">\n        <span class=\"icon-next\"><\/span>\n        <span class=\"sr-only\">Next<\/span>\n      <\/a>\n      <\/div>\n<\/div>\n <\/div><div id=\"emd-videos\" class=\"item \">\n\t<div class=\"emd-embed-responsive\">\n\t<iframe src=\"https:\/\/www.youtube.com\/embed\/HCfMdiKfWLQ?html5=1\" frameborder=\"0\" allowfullscreen><\/iframe>\n\t<\/div>\t\n<div class=\"panel panel-default\">\n  <div class=\"video-summary\">\n<p><a title=\"Dobot M1 Pick &#038; Place Demo\" href=\"https:\/\/foldsolutions.com\/ru\/videos\/dobot-m1-pick-place-demo\/\">Dobot M1 Pick &#038; Place Demo<\/a><\/p>\n <div class=\"video-excerpt\"> <\/div>\n  <\/div>\n      <!-- Controls -->\n      <div class=\"controls visible-xs-block\">\n      <a data-slide=\"prev\" role=\"button\" href=\"#emdvideos\" class=\"left carousel-control\">\n        <span class=\"icon-prev\"><\/span>\n        <span class=\"sr-only\">Previous<\/span>\n      <\/a>\n      <a data-slide=\"next\" role=\"button\" href=\"#emdvideos\" class=\"right carousel-control\">\n        <span class=\"icon-next\"><\/span>\n        <span class=\"sr-only\">Next<\/span>\n      <\/a>\n      <\/div>\n<\/div>\n <\/div><div id=\"emd-videos\" class=\"item \">\n\t<div class=\"emd-embed-responsive\">\n\t<iframe src=\"https:\/\/www.youtube.com\/embed\/w1gKRsV8BeA?html5=1\" frameborder=\"0\" allowfullscreen><\/iframe>\n\t<\/div>\t\n<div class=\"panel panel-default\">\n  <div class=\"video-summary\">\n<p><a title=\"DOBOT M1+AGV, Controlled by ROS\" href=\"https:\/\/foldsolutions.com\/ru\/videos\/dobot-m1agv-controlled-by-ros\/\">DOBOT M1+AGV, Controlled by ROS<\/a><\/p>\n <div class=\"video-excerpt\"> <\/div>\n  <\/div>\n      <!-- Controls -->\n      <div class=\"controls visible-xs-block\">\n      <a data-slide=\"prev\" role=\"button\" href=\"#emdvideos\" class=\"left carousel-control\">\n        <span class=\"icon-prev\"><\/span>\n        <span class=\"sr-only\">Previous<\/span>\n      <\/a>\n      <a data-slide=\"next\" role=\"button\" href=\"#emdvideos\" class=\"right carousel-control\">\n        <span class=\"icon-next\"><\/span>\n        <span class=\"sr-only\">Next<\/span>\n      <\/a>\n      <\/div>\n<\/div>\n <\/div><div id=\"emd-videos\" class=\"item \">\n\t<div class=\"emd-embed-responsive\">\n\t<iframe src=\"https:\/\/www.youtube.com\/embed\/vrxHGZ3KewY?html5=1\" frameborder=\"0\" allowfullscreen><\/iframe>\n\t<\/div>\t\n<div class=\"panel panel-default\">\n  <div class=\"video-summary\">\n<p><a title=\"PLC+DOBOT Magician+DOBOT M1 to Produce Bookmark\" href=\"https:\/\/foldsolutions.com\/ru\/videos\/plcdobot-magic\/\">PLC+DOBOT Magician+DOBOT M1 to Produce Bookmark<\/a><\/p>\n <div class=\"video-excerpt\"> <\/div>\n  <\/div>\n      <!-- Controls -->\n      <div class=\"controls visible-xs-block\">\n      <a data-slide=\"prev\" role=\"button\" href=\"#emdvideos\" class=\"left carousel-control\">\n        <span class=\"icon-prev\"><\/span>\n        <span class=\"sr-only\">Previous<\/span>\n      <\/a>\n      <a data-slide=\"next\" role=\"button\" href=\"#emdvideos\" class=\"right carousel-control\">\n        <span class=\"icon-next\"><\/span>\n        <span class=\"sr-only\">Next<\/span>\n      <\/a>\n      <\/div>\n<\/div>\n <\/div><div id=\"emd-videos\" class=\"item \">\n\t<div class=\"emd-embed-responsive\">\n\t<iframe src=\"https:\/\/www.youtube.com\/embed\/ICaTr1tj80k?html5=1\" frameborder=\"0\" allowfullscreen><\/iframe>\n\t<\/div>\t\n<div class=\"panel panel-default\">\n  <div class=\"video-summary\">\n<p><a title=\"UseCase | Surface Spraying | AUTOMATA\" href=\"https:\/\/foldsolutions.com\/ru\/videos\/usecase-surface\/\">UseCase | Surface Spraying | AUTOMATA<\/a><\/p>\n <div class=\"video-excerpt\"> <\/div>\n  <\/div>\n      <!-- Controls -->\n      <div class=\"controls visible-xs-block\">\n      <a data-slide=\"prev\" role=\"button\" href=\"#emdvideos\" class=\"left carousel-control\">\n        <span class=\"icon-prev\"><\/span>\n        <span class=\"sr-only\">Previous<\/span>\n      <\/a>\n      <a data-slide=\"next\" role=\"button\" href=\"#emdvideos\" class=\"right carousel-control\">\n        <span class=\"icon-next\"><\/span>\n        <span class=\"sr-only\">Next<\/span>\n      <\/a>\n      <\/div>\n<\/div>\n <\/div><div id=\"emd-videos\" class=\"item \">\n\t<div class=\"emd-embed-responsive\">\n\t<iframe src=\"https:\/\/www.youtube.com\/embed\/R-RpCYsOHiw?html5=1\" frameborder=\"0\" allowfullscreen><\/iframe>\n\t<\/div>\t\n<div class=\"panel panel-default\">\n  <div class=\"video-summary\">\n<p><a title=\"EVA ROBOT + COGNEX camera | Machine Vision | Automate Inspection | Future Industrialisation\" href=\"https:\/\/foldsolutions.com\/ru\/videos\/eva-robot-cog\/\">EVA ROBOT + COGNEX camera | Machine Vision | Automate Inspection | Future Industrialisation<\/a><\/p>\n <div class=\"video-excerpt\"> <\/div>\n  <\/div>\n      <!-- Controls -->\n      <div class=\"controls visible-xs-block\">\n      <a data-slide=\"prev\" role=\"button\" href=\"#emdvideos\" class=\"left carousel-control\">\n        <span class=\"icon-prev\"><\/span>\n        <span class=\"sr-only\">Previous<\/span>\n      <\/a>\n      <a data-slide=\"next\" role=\"button\" href=\"#emdvideos\" class=\"right carousel-control\">\n        <span class=\"icon-next\"><\/span>\n        <span class=\"sr-only\">Next<\/span>\n      <\/a>\n      <\/div>\n<\/div>\n <\/div><div id=\"emd-videos\" class=\"item \">\n\t<div class=\"emd-embed-responsive\">\n\t<iframe src=\"https:\/\/www.youtube.com\/embed\/Rtfp_-zCsns?html5=1\" frameborder=\"0\" allowfullscreen><\/iframe>\n\t<\/div>\t\n<div class=\"panel panel-default\">\n  <div class=\"video-summary\">\n<p><a title=\"EVA | Communication | Industrial Harmon | AUTOMATA\" href=\"https:\/\/foldsolutions.com\/ru\/videos\/eva-communication-industrial-harmon-automata\/\">EVA | Communication | Industrial Harmon | AUTOMATA<\/a><\/p>\n <div class=\"video-excerpt\"> <\/div>\n  <\/div>\n      <!-- Controls -->\n      <div class=\"controls visible-xs-block\">\n      <a data-slide=\"prev\" role=\"button\" href=\"#emdvideos\" class=\"left carousel-control\">\n        <span class=\"icon-prev\"><\/span>\n        <span class=\"sr-only\">Previous<\/span>\n      <\/a>\n      <a data-slide=\"next\" role=\"button\" href=\"#emdvideos\" class=\"right carousel-control\">\n        <span class=\"icon-next\"><\/span>\n        <span class=\"sr-only\">Next<\/span>\n      <\/a>\n      <\/div>\n<\/div>\n <\/div><\/div>\n<\/div>\t\t\t\t<\/div>\n\t\t\t\t<\/div>\n\t\t\t\t\n\t\t\t\t<div id='video_indicators_2_emd_video-cont' class='emd-container '>\n\t\t\t\t\t\t\t\t<div id='video_indicators_2_emd_video-view' class='emd-view-results'>\n\t\t\t\t\t\t\t\t<input type='hidden' id='emd_entity' name='emd_entity' value='emd_video'>\n\t\t\t\t<input type='hidden' id='emd_view' name='emd_view' value='video_indicators'>\n\t\t\t\t<input type='hidden' id='emd_view_count' name='emd_view_count' value='2'>\t\n\t\t\t\t<input type='hidden' id='emd_app' name='emd_app' value='youtube_showcase'>\n\t\t\t\t<div class=\"row hidden-xs\"><div style=\"cursor: pointer;\" class=\"col-lg-3 col-sm-4 col-xs-6 active\" data-slide-to=\"0\" data-target=\"#emdvideos\" onclick=\"[removed]='#emdvideos'\">\n<div class=\"panel panel-info item-video\">\n  <div class=\"panel-body emd-vid\">\n            <div class=\"thumbnail\" style=\"padding:0;border: 0;border-bottom-left-radius: 0;border-bottom-right-radius: 0;\">\n                <img decoding=\"async\" style=\"width:100%;height:auto;\" src=\"https:\/\/img.youtube.com\/vi\/SqJyx5qIsEk\/mqdefault.jpg\" alt=\"Dobot M1-All-in-one Robotic Arm\" \/>\n            <\/div>\n  <\/div>\n  <div class=\"panel-footer\" style=\"background-color: rgba(0, 0, 0, 0);\">Dobot M1-All-in-one Robotic Arm<\/div>\n<\/div>\n <\/div><div style=\"cursor: pointer;\" class=\"col-lg-3 col-sm-4 col-xs-6 \" data-slide-to=\"1\" data-target=\"#emdvideos\" onclick=\"[removed]='#emdvideos'\">\n<div class=\"panel panel-info item-video\">\n  <div class=\"panel-body emd-vid\">\n            <div class=\"thumbnail\" style=\"padding:0;border: 0;border-bottom-left-radius: 0;border-bottom-right-radius: 0;\">\n                <img decoding=\"async\" style=\"width:100%;height:auto;\" src=\"https:\/\/img.youtube.com\/vi\/HCfMdiKfWLQ\/mqdefault.jpg\" alt=\"Dobot M1 Pick &#038; Place Demo\" \/>\n            <\/div>\n  <\/div>\n  <div class=\"panel-footer\" style=\"background-color: rgba(0, 0, 0, 0);\">Dobot M1 Pick &#038; Place Demo<\/div>\n<\/div>\n <\/div><div style=\"cursor: pointer;\" class=\"col-lg-3 col-sm-4 col-xs-6 \" data-slide-to=\"2\" data-target=\"#emdvideos\" onclick=\"[removed]='#emdvideos'\">\n<div class=\"panel panel-info item-video\">\n  <div class=\"panel-body emd-vid\">\n            <div class=\"thumbnail\" style=\"padding:0;border: 0;border-bottom-left-radius: 0;border-bottom-right-radius: 0;\">\n                <img decoding=\"async\" style=\"width:100%;height:auto;\" src=\"https:\/\/img.youtube.com\/vi\/w1gKRsV8BeA\/mqdefault.jpg\" alt=\"DOBOT M1+AGV, Controlled by ROS\" \/>\n            <\/div>\n  <\/div>\n  <div class=\"panel-footer\" style=\"background-color: rgba(0, 0, 0, 0);\">DOBOT M1+AGV, Controlled by ROS<\/div>\n<\/div>\n <\/div><div style=\"cursor: pointer;\" class=\"col-lg-3 col-sm-4 col-xs-6 \" data-slide-to=\"3\" data-target=\"#emdvideos\" onclick=\"[removed]='#emdvideos'\">\n<div class=\"panel panel-info item-video\">\n  <div class=\"panel-body emd-vid\">\n            <div class=\"thumbnail\" style=\"padding:0;border: 0;border-bottom-left-radius: 0;border-bottom-right-radius: 0;\">\n                <img decoding=\"async\" style=\"width:100%;height:auto;\" src=\"https:\/\/img.youtube.com\/vi\/vrxHGZ3KewY\/mqdefault.jpg\" alt=\"PLC+DOBOT Magician+DOBOT M1 to Produce Bookmark\" \/>\n            <\/div>\n  <\/div>\n  <div class=\"panel-footer\" style=\"background-color: rgba(0, 0, 0, 0);\">PLC+DOBOT Magician+DOBOT M1 to Produce Bookmark<\/div>\n<\/div>\n <\/div><div style=\"cursor: pointer;\" class=\"col-lg-3 col-sm-4 col-xs-6 \" data-slide-to=\"4\" data-target=\"#emdvideos\" onclick=\"[removed]='#emdvideos'\">\n<div class=\"panel panel-info item-video\">\n  <div class=\"panel-body emd-vid\">\n            <div class=\"thumbnail\" style=\"padding:0;border: 0;border-bottom-left-radius: 0;border-bottom-right-radius: 0;\">\n                <img decoding=\"async\" style=\"width:100%;height:auto;\" src=\"https:\/\/img.youtube.com\/vi\/ICaTr1tj80k\/mqdefault.jpg\" alt=\"UseCase | Surface Spraying | AUTOMATA\" \/>\n            <\/div>\n  <\/div>\n  <div class=\"panel-footer\" style=\"background-color: rgba(0, 0, 0, 0);\">UseCase | Surface Spraying | AUTOMATA<\/div>\n<\/div>\n <\/div><div style=\"cursor: pointer;\" class=\"col-lg-3 col-sm-4 col-xs-6 \" data-slide-to=\"5\" data-target=\"#emdvideos\" onclick=\"[removed]='#emdvideos'\">\n<div class=\"panel panel-info item-video\">\n  <div class=\"panel-body emd-vid\">\n            <div class=\"thumbnail\" style=\"padding:0;border: 0;border-bottom-left-radius: 0;border-bottom-right-radius: 0;\">\n                <img decoding=\"async\" style=\"width:100%;height:auto;\" src=\"https:\/\/img.youtube.com\/vi\/R-RpCYsOHiw\/mqdefault.jpg\" alt=\"EVA ROBOT + COGNEX camera | Machine Vision | Automate Inspection | Future Industrialisation\" \/>\n            <\/div>\n  <\/div>\n  <div class=\"panel-footer\" style=\"background-color: rgba(0, 0, 0, 0);\">EVA ROBOT + COGNEX camera | Machine Vision | Automate Inspection | Future Industrialisation<\/div>\n<\/div>\n <\/div><div style=\"cursor: pointer;\" class=\"col-lg-3 col-sm-4 col-xs-6 \" data-slide-to=\"6\" data-target=\"#emdvideos\" onclick=\"[removed]='#emdvideos'\">\n<div class=\"panel panel-info item-video\">\n  <div class=\"panel-body emd-vid\">\n            <div class=\"thumbnail\" style=\"padding:0;border: 0;border-bottom-left-radius: 0;border-bottom-right-radius: 0;\">\n                <img decoding=\"async\" style=\"width:100%;height:auto;\" src=\"https:\/\/img.youtube.com\/vi\/Rtfp_-zCsns\/mqdefault.jpg\" alt=\"EVA | Communication | Industrial Harmon | AUTOMATA\" \/>\n            <\/div>\n  <\/div>\n  <div class=\"panel-footer\" style=\"background-color: rgba(0, 0, 0, 0);\">EVA | Communication | Industrial Harmon | AUTOMATA<\/div>\n<\/div>\n <\/div><\/div>\t\t\t\t<\/div>\n\t\t\t\t<\/div>\n\t\t\t\t<\/div><!--container-end-->\n","protected":false},"excerpt":{"rendered":"","protected":false},"author":1,"featured_media":0,"parent":0,"menu_order":0,"comment_status":"closed","ping_status":"closed","template":"","meta":{"footnotes":""},"class_list":["post-589","page","type-page","status-publish","hentry"],"yoast_head":"<!-- This site is optimized with the Yoast SEO plugin v26.6 - https:\/\/yoast.com\/wordpress\/plugins\/seo\/ -->\n<title>\u0412\u0438\u0434\u0435\u043e - Foldsolutions.com<\/title>\n<meta name=\"robots\" content=\"index, follow, max-snippet:-1, max-image-preview:large, max-video-preview:-1\" \/>\n<link rel=\"canonical\" href=\"https:\/\/foldsolutions.com\/ru\/video\/\" \/>\n<meta property=\"og:locale\" content=\"ru_RU\" \/>\n<meta property=\"og:type\" content=\"article\" \/>\n<meta property=\"og:title\" content=\"\u0412\u0438\u0434\u0435\u043e - Foldsolutions.com\" \/>\n<meta property=\"og:url\" content=\"https:\/\/foldsolutions.com\/ru\/video\/\" \/>\n<meta property=\"og:site_name\" content=\"Foldsolutions.com\" \/>\n<meta property=\"article:publisher\" content=\"https:\/\/www.facebook.com\/foldsolutions\/\" \/>\n<meta property=\"article:modified_time\" content=\"2019-05-29T16:59:24+00:00\" \/>\n<meta name=\"twitter:card\" content=\"summary_large_image\" \/>\n<script type=\"application\/ld+json\" class=\"yoast-schema-graph\">{\"@context\":\"https:\/\/schema.org\",\"@graph\":[{\"@type\":\"WebPage\",\"@id\":\"https:\/\/foldsolutions.com\/ru\/video\/\",\"url\":\"https:\/\/foldsolutions.com\/ru\/video\/\",\"name\":\"\u0412\u0438\u0434\u0435\u043e - Foldsolutions.com\",\"isPartOf\":{\"@id\":\"https:\/\/foldsolutions.com\/#website\"},\"datePublished\":\"2019-03-12T11:31:59+00:00\",\"dateModified\":\"2019-05-29T16:59:24+00:00\",\"breadcrumb\":{\"@id\":\"https:\/\/foldsolutions.com\/ru\/video\/#breadcrumb\"},\"inLanguage\":\"ru-RU\",\"potentialAction\":[{\"@type\":\"ReadAction\",\"target\":[\"https:\/\/foldsolutions.com\/ru\/video\/\"]}]},{\"@type\":\"BreadcrumbList\",\"@id\":\"https:\/\/foldsolutions.com\/ru\/video\/#breadcrumb\",\"itemListElement\":[{\"@type\":\"ListItem\",\"position\":1,\"name\":\"Prad\u017eia\",\"item\":\"https:\/\/foldsolutions.com\/ru\/\"},{\"@type\":\"ListItem\",\"position\":2,\"name\":\"\u0412\u0438\u0434\u0435\u043e\"}]},{\"@type\":\"WebSite\",\"@id\":\"https:\/\/foldsolutions.com\/#website\",\"url\":\"https:\/\/foldsolutions.com\/\",\"name\":\"Foldsolutions.com\",\"description\":\"Patyrusi\u0173 in\u017einieri\u0173 komanda!\",\"publisher\":{\"@id\":\"https:\/\/foldsolutions.com\/#organization\"},\"potentialAction\":[{\"@type\":\"SearchAction\",\"target\":{\"@type\":\"EntryPoint\",\"urlTemplate\":\"https:\/\/foldsolutions.com\/?s={search_term_string}\"},\"query-input\":{\"@type\":\"PropertyValueSpecification\",\"valueRequired\":true,\"valueName\":\"search_term_string\"}}],\"inLanguage\":\"ru-RU\"},{\"@type\":\"Organization\",\"@id\":\"https:\/\/foldsolutions.com\/#organization\",\"name\":\"Foldsolutions\",\"url\":\"https:\/\/foldsolutions.com\/\",\"logo\":{\"@type\":\"ImageObject\",\"inLanguage\":\"ru-RU\",\"@id\":\"https:\/\/foldsolutions.com\/#\/schema\/logo\/image\/\",\"url\":\"https:\/\/foldsolutions.com\/wp-content\/uploads\/2021\/11\/foldsolutions_png_transparent.png\",\"contentUrl\":\"https:\/\/foldsolutions.com\/wp-content\/uploads\/2021\/11\/foldsolutions_png_transparent.png\",\"width\":800,\"height\":154,\"caption\":\"Foldsolutions\"},\"image\":{\"@id\":\"https:\/\/foldsolutions.com\/#\/schema\/logo\/image\/\"},\"sameAs\":[\"https:\/\/www.facebook.com\/foldsolutions\/\"]}]}<\/script>\n<!-- \/ Yoast SEO plugin. -->","yoast_head_json":{"title":"\u0412\u0438\u0434\u0435\u043e - Foldsolutions.com","robots":{"index":"index","follow":"follow","max-snippet":"max-snippet:-1","max-image-preview":"max-image-preview:large","max-video-preview":"max-video-preview:-1"},"canonical":"https:\/\/foldsolutions.com\/ru\/video\/","og_locale":"ru_RU","og_type":"article","og_title":"\u0412\u0438\u0434\u0435\u043e - Foldsolutions.com","og_url":"https:\/\/foldsolutions.com\/ru\/video\/","og_site_name":"Foldsolutions.com","article_publisher":"https:\/\/www.facebook.com\/foldsolutions\/","article_modified_time":"2019-05-29T16:59:24+00:00","twitter_card":"summary_large_image","schema":{"@context":"https:\/\/schema.org","@graph":[{"@type":"WebPage","@id":"https:\/\/foldsolutions.com\/ru\/video\/","url":"https:\/\/foldsolutions.com\/ru\/video\/","name":"\u0412\u0438\u0434\u0435\u043e - Foldsolutions.com","isPartOf":{"@id":"https:\/\/foldsolutions.com\/#website"},"datePublished":"2019-03-12T11:31:59+00:00","dateModified":"2019-05-29T16:59:24+00:00","breadcrumb":{"@id":"https:\/\/foldsolutions.com\/ru\/video\/#breadcrumb"},"inLanguage":"ru-RU","potentialAction":[{"@type":"ReadAction","target":["https:\/\/foldsolutions.com\/ru\/video\/"]}]},{"@type":"BreadcrumbList","@id":"https:\/\/foldsolutions.com\/ru\/video\/#breadcrumb","itemListElement":[{"@type":"ListItem","position":1,"name":"Prad\u017eia","item":"https:\/\/foldsolutions.com\/ru\/"},{"@type":"ListItem","position":2,"name":"\u0412\u0438\u0434\u0435\u043e"}]},{"@type":"WebSite","@id":"https:\/\/foldsolutions.com\/#website","url":"https:\/\/foldsolutions.com\/","name":"Foldsolutions.com","description":"Patyrusi\u0173 in\u017einieri\u0173 komanda!","publisher":{"@id":"https:\/\/foldsolutions.com\/#organization"},"potentialAction":[{"@type":"SearchAction","target":{"@type":"EntryPoint","urlTemplate":"https:\/\/foldsolutions.com\/?s={search_term_string}"},"query-input":{"@type":"PropertyValueSpecification","valueRequired":true,"valueName":"search_term_string"}}],"inLanguage":"ru-RU"},{"@type":"Organization","@id":"https:\/\/foldsolutions.com\/#organization","name":"Foldsolutions","url":"https:\/\/foldsolutions.com\/","logo":{"@type":"ImageObject","inLanguage":"ru-RU","@id":"https:\/\/foldsolutions.com\/#\/schema\/logo\/image\/","url":"https:\/\/foldsolutions.com\/wp-content\/uploads\/2021\/11\/foldsolutions_png_transparent.png","contentUrl":"https:\/\/foldsolutions.com\/wp-content\/uploads\/2021\/11\/foldsolutions_png_transparent.png","width":800,"height":154,"caption":"Foldsolutions"},"image":{"@id":"https:\/\/foldsolutions.com\/#\/schema\/logo\/image\/"},"sameAs":["https:\/\/www.facebook.com\/foldsolutions\/"]}]}},"_links":{"self":[{"href":"https:\/\/foldsolutions.com\/ru\/wp-json\/wp\/v2\/pages\/589","targetHints":{"allow":["GET"]}}],"collection":[{"href":"https:\/\/foldsolutions.com\/ru\/wp-json\/wp\/v2\/pages"}],"about":[{"href":"https:\/\/foldsolutions.com\/ru\/wp-json\/wp\/v2\/types\/page"}],"author":[{"embeddable":true,"href":"https:\/\/foldsolutions.com\/ru\/wp-json\/wp\/v2\/users\/1"}],"replies":[{"embeddable":true,"href":"https:\/\/foldsolutions.com\/ru\/wp-json\/wp\/v2\/comments?post=589"}],"version-history":[{"count":0,"href":"https:\/\/foldsolutions.com\/ru\/wp-json\/wp\/v2\/pages\/589\/revisions"}],"wp:attachment":[{"href":"https:\/\/foldsolutions.com\/ru\/wp-json\/wp\/v2\/media?parent=589"}],"curies":[{"name":"wp","href":"https:\/\/api.w.org\/{rel}","templated":true}]}}